{"id":2947,"date":"2022-04-15T12:37:24","date_gmt":"2022-04-15T11:37:24","guid":{"rendered":"https:\/\/riviera-sailing-events.com\/politique-de-confidentialite\/"},"modified":"2022-04-15T12:37:25","modified_gmt":"2022-04-15T11:37:25","slug":"politique-de-confidentialite","status":"publish","type":"page","link":"https:\/\/riviera-sailing-events.com\/fr\/politique-de-confidentialite\/","title":{"rendered":"Politique de confidentialit\u00e9"},"content":{"rendered":"\n<p>Cadre juridique de l\u2019entreprise qui souhaite louer des voiliers avec la participation de ses invit\u00e9s aux man\u0153uvres<\/p>\n\n<p>L\u2019entreprise de Monsieur Durant veut organiser une r\u00e9gate (initiation voile) pour ses employ\u00e9s ou partenaires sur plusieurs voiliers. Le but de cette sortie est l\u2019esprit d\u2019\u00e9quipe avec participation active des invit\u00e9s. Dans ce cas, seule une \u00e9cole de voile, qui licenciera les participants (assurance individuelle) et qui encadrera cet \u00e9v\u00e9nement avec autant de moniteurs dipl\u00f4m\u00e9s d\u2019\u00e9tat que n\u00e9cessaire, sera en mesure d\u2019organiser cet \u00e9v\u00e9nement.<\/p>\n\n<p>Votre agence doit obligatoirement faire appel \u00e0 une structure affili\u00e9e \u00e0 la F\u00e9d\u00e9ration Fran\u00e7aise de Voile qui d\u00e9clarera la manifestation nautique aupr\u00e8s de la FFV et des Affaires Maritimes concern\u00e9s.<br\/>RIVIERA SAILING EVENTS est sp\u00e9cialis\u00e9e dans la cr\u00e9ation d\u2019\u00e9v\u00e9nements nautiques mais aussi une \u00e9cole de voile affili\u00e9e \u00e0 la F\u00e9d\u00e9ration Fran\u00e7aise de Voile. Elle produit ainsi pour le compte d\u2019un grand nombre d\u2019agences d\u2019\u00e9v\u00e9nementielle de la r\u00e9gion ces animations \u00ab r\u00e9gate \u00bb sous forme de journ\u00e9es portes ouvertes avec d\u00e9livrance (ou non) d\u2019un bapt\u00eame de voile.<\/p>\n\n<p>Dans le cadre de ces journ\u00e9es, RIVIERA SAILING EVENTS a l\u2019obligation est de :<br\/>\u2013 d\u00e9livrer des licences voile temporaires (assurances en RC) pour chacun des participants pour leur donner le droit de participer aux man\u0153uvres du bateau. Ces licences sont des assurances individuelles qui co\u00fbtent 18\u20ac par personne mais sont la preuve que les clients sont l\u00e0 pour faire de la voile officiellement et sont assur\u00e9s pour cette activit\u00e9.<br\/>\u2013 Verrouiller la s\u00e9curit\u00e9.<br\/>\u2013 Faire appel \u00e0 plusieurs moniteurs dipl\u00f4m\u00e9s d\u2019\u00e9tat dans l\u2019organisation g\u00e9n\u00e9rale.<br\/>\u2013 S\u00e9lectionner les chefs de bords comp\u00e9tents.<br\/>\u2013 Disposer d\u2019autant de bateaux de s\u00e9curit\u00e9 que n\u00e9cessaire.<br\/>\u2013 Pouvoir communiquer avec une VHF avec tous les bateaux en choisissant un canal autoris\u00e9.<br\/>\u2013 Annuler ou repousser cette initiation si la m\u00e9t\u00e9o rend cet \u00e9v\u00e9nement dangereux. Au besoin disposer d\u2019une assurance en cas d\u2019annulation.<br\/>\u2013 S\u2019assurer que tous les bateaux disposent de l\u2019armement de s\u00e9curit\u00e9 n\u00e9cessaire pour tous les \u00e9quipiers.<br\/>\u2013 Etre en communication radio avec chaque bateau et doit \u00e9galement pouvoir appeler le CROSS en cas d\u2019urgence extr\u00eame sur le canal 16.<\/p>\n\n<p>Cadre juridique de l\u2019entreprise qui souhaite louer des voiliers avec skippers<\/p>\n\n<p>L\u2019entreprise de Monsieur Durant souhaite inviter ses collaborateurs ou partenaires sur des voiliers sans aucune participation de ceux-ci aux man\u0153uvres. Les voiliers sont lou\u00e9s dans un premier temps en coque nue par l\u2019entreprise et ensuite, des skippers professionnels s\u00e9lectionn\u00e9s par cette m\u00eame entreprise sont engag\u00e9s pour commander les voiliers. Aucune participation des passagers ne sera autoris\u00e9e.<\/p>\n\n<p>R\u00e8gle juridique des Maxi-catamaran o\u00f9 des voiliers au commerce<br\/>Ces navires doivent-\u00eatre au commerce (NUC) avec un \u00e9quipage de professionnels pour man\u0153uvrer le navire. Dans ce cas de figure, les passagers embarquent sur un bateau pour passer un bon moment avec toute leur entreprise sans aucune action technique de leur part et ils ne pourront jamais participer \u00e0 la marche du bateau.<\/p>\n\n<p>Cadre juridique du particulier qui souhaite louer un voilier avec un skipper<\/p>\n\n<p>Monsieur Durant est en vacances et veut louer un bateau avec un skipper.<br\/>Monsieur durant devra faire 2 contrats. Le premier pour la location du bateau en coque nue. Et le deuxi\u00e8me pour la prestation du skipper avec une agence d\u2019int\u00e9rim ou le skipper lui-m\u00eame. Et dans ce cas Monsieur Durant d\u00e9l\u00e8gue sur le skipper la marche technique du navire. Monsieur Durant ayant lou\u00e9 le bateau en coque nue, il peut de son propre chef participer aux man\u0153uvres du navire car il en reste responsable.T\u00e9l\u00e9charger le cadre juridique<\/p>\n","protected":false},"excerpt":{"rendered":"<p>Cadre juridique de l\u2019entreprise qui souhaite louer des voiliers avec la participation de ses invit\u00e9s aux man\u0153uvres L\u2019entreprise de Monsieur Durant veut organiser une r\u00e9gate (initiation voile) pour ses employ\u00e9s ou partenaires sur plusieurs voiliers. Le but de cette sortie est l\u2019esprit d\u2019\u00e9quipe avec participation active des invit\u00e9s. Dans ce cas, seule une \u00e9cole de&hellip; <a class=\"more-link\" href=\"https:\/\/riviera-sailing-events.com\/fr\/politique-de-confidentialite\/\">Poursuivre la lecture <span class=\"screen-reader-text\">Politique de confidentialit\u00e9<\/span><\/a><\/p>\n","protected":false},"author":1,"featured_media":0,"parent":0,"menu_order":0,"comment_status":"closed","ping_status":"open","template":"","meta":{"footnotes":""},"class_list":["post-2947","page","type-page","status-publish","hentry","entry"],"acf":[],"yoast_head":"<!-- This site is optimized with the Yoast SEO plugin v20.1 - https:\/\/yoast.com\/wordpress\/plugins\/seo\/ -->\n<title>Politique de confidentialit\u00e9 - Riviera Sailing Events<\/title>\n<meta name=\"robots\" content=\"index, follow, max-snippet:-1, max-image-preview:large, max-video-preview:-1\" \/>\n<link rel=\"canonical\" href=\"https:\/\/riviera-sailing-events.com\/fr\/politique-de-confidentialite\/\" \/>\n<meta property=\"og:locale\" content=\"fr_FR\" \/>\n<meta property=\"og:type\" content=\"article\" \/>\n<meta property=\"og:title\" content=\"Politique de confidentialit\u00e9 - Riviera Sailing Events\" \/>\n<meta property=\"og:description\" content=\"Cadre juridique de l\u2019entreprise qui souhaite louer des voiliers avec la participation de ses invit\u00e9s aux man\u0153uvres L\u2019entreprise de Monsieur Durant veut organiser une r\u00e9gate (initiation voile) pour ses employ\u00e9s ou partenaires sur plusieurs voiliers. Le but de cette sortie est l\u2019esprit d\u2019\u00e9quipe avec participation active des invit\u00e9s. Dans ce cas, seule une \u00e9cole de&hellip; Poursuivre la lecture Politique de confidentialit\u00e9\" \/>\n<meta property=\"og:url\" content=\"https:\/\/riviera-sailing-events.com\/fr\/politique-de-confidentialite\/\" \/>\n<meta property=\"og:site_name\" content=\"Riviera Sailing Events\" \/>\n<meta property=\"article:modified_time\" content=\"2022-04-15T11:37:25+00:00\" \/>\n<meta name=\"twitter:card\" content=\"summary_large_image\" \/>\n<meta name=\"twitter:label1\" content=\"Dur\u00e9e de lecture estim\u00e9e\" \/>\n\t<meta name=\"twitter:data1\" content=\"3 minutes\" \/>\n<script type=\"application\/ld+json\" class=\"yoast-schema-graph\">{\"@context\":\"https:\/\/schema.org\",\"@graph\":[{\"@type\":\"WebPage\",\"@id\":\"https:\/\/riviera-sailing-events.com\/fr\/politique-de-confidentialite\/\",\"url\":\"https:\/\/riviera-sailing-events.com\/fr\/politique-de-confidentialite\/\",\"name\":\"Politique de confidentialit\u00e9 - Riviera Sailing Events\",\"isPartOf\":{\"@id\":\"https:\/\/riviera-sailing-events.com\/#website\"},\"datePublished\":\"2022-04-15T11:37:24+00:00\",\"dateModified\":\"2022-04-15T11:37:25+00:00\",\"breadcrumb\":{\"@id\":\"https:\/\/riviera-sailing-events.com\/fr\/politique-de-confidentialite\/#breadcrumb\"},\"inLanguage\":\"fr-FR\",\"potentialAction\":[{\"@type\":\"ReadAction\",\"target\":[\"https:\/\/riviera-sailing-events.com\/fr\/politique-de-confidentialite\/\"]}]},{\"@type\":\"BreadcrumbList\",\"@id\":\"https:\/\/riviera-sailing-events.com\/fr\/politique-de-confidentialite\/#breadcrumb\",\"itemListElement\":[{\"@type\":\"ListItem\",\"position\":1,\"name\":\"Home\",\"item\":\"https:\/\/riviera-sailing-events.com\/fr\/\"},{\"@type\":\"ListItem\",\"position\":2,\"name\":\"Politique de confidentialit\u00e9\"}]},{\"@type\":\"WebSite\",\"@id\":\"https:\/\/riviera-sailing-events.com\/#website\",\"url\":\"https:\/\/riviera-sailing-events.com\/\",\"name\":\"Riviera Sailing Events\",\"description\":\"\",\"publisher\":{\"@id\":\"https:\/\/riviera-sailing-events.com\/#organization\"},\"potentialAction\":[{\"@type\":\"SearchAction\",\"target\":{\"@type\":\"EntryPoint\",\"urlTemplate\":\"https:\/\/riviera-sailing-events.com\/?s={search_term_string}\"},\"query-input\":\"required name=search_term_string\"}],\"inLanguage\":\"fr-FR\"},{\"@type\":\"Organization\",\"@id\":\"https:\/\/riviera-sailing-events.com\/#organization\",\"name\":\"Riviera Sailing Events\",\"url\":\"https:\/\/riviera-sailing-events.com\/\",\"logo\":{\"@type\":\"ImageObject\",\"inLanguage\":\"fr-FR\",\"@id\":\"https:\/\/riviera-sailing-events.com\/#\/schema\/logo\/image\/\",\"url\":\"https:\/\/riviera-sailing-events.com\/wp-content\/uploads\/2022\/01\/Sans-titre-1-e1642175430685.png\",\"contentUrl\":\"https:\/\/riviera-sailing-events.com\/wp-content\/uploads\/2022\/01\/Sans-titre-1-e1642175430685.png\",\"width\":918,\"height\":616,\"caption\":\"Riviera Sailing Events\"},\"image\":{\"@id\":\"https:\/\/riviera-sailing-events.com\/#\/schema\/logo\/image\/\"}}]}<\/script>\n<!-- \/ Yoast SEO plugin. -->","yoast_head_json":{"title":"Politique de confidentialit\u00e9 - Riviera Sailing Events","robots":{"index":"index","follow":"follow","max-snippet":"max-snippet:-1","max-image-preview":"max-image-preview:large","max-video-preview":"max-video-preview:-1"},"canonical":"https:\/\/riviera-sailing-events.com\/fr\/politique-de-confidentialite\/","og_locale":"fr_FR","og_type":"article","og_title":"Politique de confidentialit\u00e9 - Riviera Sailing Events","og_description":"Cadre juridique de l\u2019entreprise qui souhaite louer des voiliers avec la participation de ses invit\u00e9s aux man\u0153uvres L\u2019entreprise de Monsieur Durant veut organiser une r\u00e9gate (initiation voile) pour ses employ\u00e9s ou partenaires sur plusieurs voiliers. Le but de cette sortie est l\u2019esprit d\u2019\u00e9quipe avec participation active des invit\u00e9s. Dans ce cas, seule une \u00e9cole de&hellip; Poursuivre la lecture Politique de confidentialit\u00e9","og_url":"https:\/\/riviera-sailing-events.com\/fr\/politique-de-confidentialite\/","og_site_name":"Riviera Sailing Events","article_modified_time":"2022-04-15T11:37:25+00:00","twitter_card":"summary_large_image","twitter_misc":{"Dur\u00e9e de lecture estim\u00e9e":"3 minutes"},"schema":{"@context":"https:\/\/schema.org","@graph":[{"@type":"WebPage","@id":"https:\/\/riviera-sailing-events.com\/fr\/politique-de-confidentialite\/","url":"https:\/\/riviera-sailing-events.com\/fr\/politique-de-confidentialite\/","name":"Politique de confidentialit\u00e9 - Riviera Sailing Events","isPartOf":{"@id":"https:\/\/riviera-sailing-events.com\/#website"},"datePublished":"2022-04-15T11:37:24+00:00","dateModified":"2022-04-15T11:37:25+00:00","breadcrumb":{"@id":"https:\/\/riviera-sailing-events.com\/fr\/politique-de-confidentialite\/#breadcrumb"},"inLanguage":"fr-FR","potentialAction":[{"@type":"ReadAction","target":["https:\/\/riviera-sailing-events.com\/fr\/politique-de-confidentialite\/"]}]},{"@type":"BreadcrumbList","@id":"https:\/\/riviera-sailing-events.com\/fr\/politique-de-confidentialite\/#breadcrumb","itemListElement":[{"@type":"ListItem","position":1,"name":"Home","item":"https:\/\/riviera-sailing-events.com\/fr\/"},{"@type":"ListItem","position":2,"name":"Politique de confidentialit\u00e9"}]},{"@type":"WebSite","@id":"https:\/\/riviera-sailing-events.com\/#website","url":"https:\/\/riviera-sailing-events.com\/","name":"Riviera Sailing Events","description":"","publisher":{"@id":"https:\/\/riviera-sailing-events.com\/#organization"},"potentialAction":[{"@type":"SearchAction","target":{"@type":"EntryPoint","urlTemplate":"https:\/\/riviera-sailing-events.com\/?s={search_term_string}"},"query-input":"required name=search_term_string"}],"inLanguage":"fr-FR"},{"@type":"Organization","@id":"https:\/\/riviera-sailing-events.com\/#organization","name":"Riviera Sailing Events","url":"https:\/\/riviera-sailing-events.com\/","logo":{"@type":"ImageObject","inLanguage":"fr-FR","@id":"https:\/\/riviera-sailing-events.com\/#\/schema\/logo\/image\/","url":"https:\/\/riviera-sailing-events.com\/wp-content\/uploads\/2022\/01\/Sans-titre-1-e1642175430685.png","contentUrl":"https:\/\/riviera-sailing-events.com\/wp-content\/uploads\/2022\/01\/Sans-titre-1-e1642175430685.png","width":918,"height":616,"caption":"Riviera Sailing Events"},"image":{"@id":"https:\/\/riviera-sailing-events.com\/#\/schema\/logo\/image\/"}}]}},"_links":{"self":[{"href":"https:\/\/riviera-sailing-events.com\/fr\/wp-json\/wp\/v2\/pages\/2947","targetHints":{"allow":["GET"]}}],"collection":[{"href":"https:\/\/riviera-sailing-events.com\/fr\/wp-json\/wp\/v2\/pages"}],"about":[{"href":"https:\/\/riviera-sailing-events.com\/fr\/wp-json\/wp\/v2\/types\/page"}],"author":[{"embeddable":true,"href":"https:\/\/riviera-sailing-events.com\/fr\/wp-json\/wp\/v2\/users\/1"}],"replies":[{"embeddable":true,"href":"https:\/\/riviera-sailing-events.com\/fr\/wp-json\/wp\/v2\/comments?post=2947"}],"version-history":[{"count":1,"href":"https:\/\/riviera-sailing-events.com\/fr\/wp-json\/wp\/v2\/pages\/2947\/revisions"}],"predecessor-version":[{"id":2948,"href":"https:\/\/riviera-sailing-events.com\/fr\/wp-json\/wp\/v2\/pages\/2947\/revisions\/2948"}],"wp:attachment":[{"href":"https:\/\/riviera-sailing-events.com\/fr\/wp-json\/wp\/v2\/media?parent=2947"}],"curies":[{"name":"wp","href":"https:\/\/api.w.org\/{rel}","templated":true}]}}